{"id":761,"date":"2026-03-30T18:54:18","date_gmt":"2026-03-30T16:54:18","guid":{"rendered":"https:\/\/raisonance-insights.fr\/?page_id=761"},"modified":"2026-03-30T18:54:19","modified_gmt":"2026-03-30T16:54:19","slug":"ebook-raisonance-interieure","status":"publish","type":"page","link":"https:\/\/raisonance-insights.fr\/index.php\/ebook-raisonance-interieure\/","title":{"rendered":"Ebook &#8211; Raisonance Int\u00e9rieure"},"content":{"rendered":"\n<h1 class=\"wp-block-heading\"><strong>RAISONANCE INT\u00c9RIEURE<\/strong><\/h1>\n\n\n\n<h3 class=\"wp-block-heading\">Manifeste strat\u00e9gique pour dirigeants et professionnels exigeants<\/h3>\n\n\n\n<div class=\"wp-block-group is-vertical is-layout-flex wp-container-core-group-is-layout-8cf370e7 wp-block-group-is-layout-flex\">\n<p class=\"has-theme-palette-1-color has-text-color has-link-color wp-elements-03c4da8d6cb48ec89db464e8b4f5d9a4\" style=\"font-size:17px\"><strong>Il y a un moment o\u00f9 faire plus ne fonctionne plus.<\/strong><\/p>\n\n\n\n<p class=\"has-theme-palette-1-color has-text-color has-link-color wp-elements-0e28e501e89f9e2498907442809252fc\">Vous avez appris \u00e0 d\u00e9cider vite, \u00e0 tenir, \u00e0 encaisser, \u00e0 avancer, m\u00eame sous tension.<\/p>\n\n\n\n<p class=\"has-theme-palette-1-color has-text-color has-link-color wp-elements-2912898fd61cced83d3c1ac69565d8cc\">Et \u00e7a a fonctionn\u00e9.<\/p>\n\n\n\n<p class=\"has-theme-palette-1-color has-text-color has-link-color wp-elements-0a6a0f43200e0f372c347f8617d2ee30\">Mais aujourd\u2019hui\u2026 Quelque chose ne r\u00e9pond plus de la m\u00eame mani\u00e8re.<\/p>\n\n\n\n<ul class=\"wp-block-list has-theme-palette-1-color has-text-color has-link-color wp-elements-92a51a92660e6ece05587a516438b040\">\n<li>L\u2019intensit\u00e9 co\u00fbte plus cher<\/li>\n\n\n\n<li>La clart\u00e9 se brouille plus vite<\/li>\n\n\n\n<li>Les d\u00e9cisions deviennent plus lourdes<\/li>\n\n\n\n<li>L\u2019engagement fluctue<\/li>\n<\/ul>\n\n\n\n<p class=\"has-theme-palette-1-color has-text-color has-link-color wp-elements-c638a68e1ee40249fbc5835183928b00\">Ce n\u2019est pas visible de l\u2019ext\u00e9rieur. Mais vous le sentez.<\/p>\n<\/div>\n\n\n\n<div class=\"wp-block-group\"><div class=\"wp-block-group__inner-container is-layout-constrained wp-block-group-is-layout-constrained\">\n<div class=\"wp-block-group is-vertical is-layout-flex wp-container-core-group-is-layout-8cf370e7 wp-block-group-is-layout-flex\">\n<p class=\"has-theme-palette-1-color has-text-color has-link-color wp-elements-12ba8ffbdbd9fae83bc34074332ff37a\" style=\"font-size:17px\"><strong>Ce n\u2019est pas un probl\u00e8me de niveau.<\/strong><\/p>\n\n\n\n<p class=\"has-theme-palette-1-color has-text-color has-link-color wp-elements-8d297eaccf7b33278dbc30068464a902\">C\u2019est un probl\u00e8me d\u2019\u00e9tat.<\/p>\n\n\n\n<p class=\"has-theme-palette-1-color has-text-color has-link-color wp-elements-2562f71b3e450e52cd782cc0786b007e\">Vous n\u2019avez pas besoin de plus de m\u00e9thodes.<br>Vous n\u2019avez pas besoin de plus de discipline.<\/p>\n\n\n\n<p class=\"has-theme-palette-1-color has-text-color has-link-color wp-elements-be5079358c9f8f2ff45776b919bd33b0\">Vous avez besoin de retrouver :<\/p>\n\n\n\n<ul class=\"wp-block-list has-theme-palette-1-color has-text-color has-link-color wp-elements-2df3a75d202032ba26ff9d690c503d9a\">\n<li>de la disponibilit\u00e9 interne<\/li>\n\n\n\n<li>de la marge<\/li>\n\n\n\n<li>de la stabilit\u00e9 d\u00e9cisionnelle<\/li>\n<\/ul>\n\n\n\n<p class=\"has-theme-palette-1-color has-text-color has-link-color wp-elements-8446722d6ffd27387cbd7aece416e45f\">Parce que tout part de l\u00e0.<\/p>\n<\/div>\n<\/div><\/div>\n\n\n\n<div class=\"wp-block-group is-vertical is-layout-flex wp-container-core-group-is-layout-8cf370e7 wp-block-group-is-layout-flex\">\n<p class=\"has-theme-palette-1-color has-text-color has-link-color wp-elements-5c88891687d469464532dbfe63029c35\" style=\"font-size:17px\"><strong>La plupart des professionnels travaillent sur ce qu\u2019ils font.<\/strong><\/p>\n\n\n\n<p class=\"has-theme-palette-1-color has-text-color has-link-color wp-elements-eb22ec4ceef6e6bb1ee68650add179e5\">Tr\u00e8s peu travaillent sur l\u2019\u00e9tat depuis lequel ils le font.<\/p>\n\n\n\n<p class=\"has-theme-palette-1-color has-text-color has-link-color wp-elements-a91aeab965ebd8a40f6e2cc4cd9709db\">Et pourtant\u2026<\/p>\n\n\n\n<p class=\"has-theme-palette-1-color has-text-color has-link-color wp-elements-3c064791b0d7cabebebafb528d34a5b7\">C\u2019est cet \u00e9tat qui conditionne :<\/p>\n\n\n\n<ul class=\"wp-block-list\">\n<li class=\"has-theme-palette-1-color has-text-color has-link-color wp-elements-21be77acf8ce37ace8146d0ce53604ca\">la qualit\u00e9 de vos d\u00e9cisions<\/li>\n\n\n\n<li class=\"has-theme-palette-1-color has-text-color has-link-color wp-elements-94e58952798f7ce2f1dbd9d2736d803c\">la tenue de vos engagements<\/li>\n\n\n\n<li class=\"has-theme-palette-1-color has-text-color has-link-color wp-elements-bf869001c5f6cc494d79a34549e3529b\">votre capacit\u00e9 \u00e0 durer<\/li>\n<\/ul>\n\n\n\n<p class=\"has-theme-palette-1-color has-text-color has-link-color wp-elements-4b821b8a294efc197ba5b3902de6141f\">Quand cet \u00e9tat est instable, tout devient co\u00fbteux.<br>Quand il est juste, tout devient plus fluide.<\/p>\n<\/div>\n\n\n\n<div class=\"wp-block-group is-vertical is-layout-flex wp-container-core-group-is-layout-8cf370e7 wp-block-group-is-layout-flex\">\n<p class=\"has-theme-palette-1-color has-text-color has-link-color wp-elements-aa6e54dfb0d4e3553d936db99783c45c\"><strong>\u00c0 qui s\u2019adresse cet ebook<\/strong><\/p>\n\n\n\n<p class=\"has-theme-palette-1-color has-text-color has-link-color wp-elements-3eb0cf1218608002d8a6e22d8c6f81ff\">\u00c0 celles et ceux qui portent.<\/p>\n\n\n\n<p class=\"has-theme-palette-1-color has-text-color has-link-color wp-elements-1430e1f0c32a112ae36835dfce0f2fc7\">Dirigeants.<br>Entrepreneurs.<br>D\u00e9cideurs.<\/p>\n\n\n\n<p class=\"has-theme-palette-1-color has-text-color has-link-color wp-elements-1b03abc6a7fe90781adcb962b97cdd19\">Ceux qui :<\/p>\n\n\n\n<ul class=\"wp-block-list\">\n<li class=\"has-theme-palette-1-color has-text-color has-link-color wp-elements-60684dd77aaaa41f4e8cb4ba946c8b33\">avancent beaucoup<\/li>\n\n\n\n<li class=\"has-theme-palette-1-color has-text-color has-link-color wp-elements-fe4ba1da703177fea9fd15aecc15ea9a\">tiennent beaucoup<\/li>\n\n\n\n<li class=\"has-theme-palette-1-color has-text-color has-link-color wp-elements-a8b8b1fcc02b50ecc96a25d6e4581e53\">mais refusent de continuer \u00e0 s\u2019\u00e9puiser en silence<\/li>\n<\/ul>\n<\/div>\n\n\n\n<div class=\"wp-block-group is-vertical is-layout-flex wp-container-core-group-is-layout-8cf370e7 wp-block-group-is-layout-flex\">\n<p class=\"has-theme-palette-1-color has-text-color has-link-color wp-elements-9683da57fa177ec5f0350859a93a448b\"><strong>Une conviction<\/strong><\/p>\n\n\n\n<p class=\"has-theme-palette-1-color has-text-color has-link-color wp-elements-29e2d86947495530b4b408cc9fcc5878\">La transformation durable ne vient pas d\u2019un effort suppl\u00e9mentaire.<\/p>\n\n\n\n<p class=\"has-theme-palette-1-color has-text-color has-link-color wp-elements-ab8cc40b450d4caaeb9560c303425ee1\">Elle vient d\u2019un \u00e9tat.<\/p>\n\n\n\n<p class=\"has-theme-palette-1-color has-text-color has-link-color wp-elements-7a07bf666462661a6bb690634b0db2eb\">Et cet \u00e9tat ne se d\u00e9cr\u00e8te pas.<br>Il se construit.<\/p>\n<\/div>\n\n\n\n<div class=\"wp-block-group\"><div class=\"wp-block-group__inner-container is-layout-constrained wp-block-group-is-layout-constrained\">\n<div class=\"wp-block-group is-vertical is-layout-flex wp-container-core-group-is-layout-8cf370e7 wp-block-group-is-layout-flex\">\n<p class=\"has-theme-palette-3-color has-text-color has-link-color wp-elements-8baf3ed86e44fd472789ca3419c58011\"><strong>Prix<\/strong><\/p>\n\n\n\n<p class=\"has-theme-palette-1-color has-text-color has-link-color wp-elements-bff54563db1f43a2bc763fb4dce88f97\">14,90\u20ac TTC<\/p>\n<\/div>\n\n\n\n<div class=\"wp-block-group\"><div class=\"wp-block-group__inner-container is-layout-constrained wp-block-group-is-layout-constrained\">\n<div class=\"wp-block-group is-vertical is-layout-flex wp-container-core-group-is-layout-8cf370e7 wp-block-group-is-layout-flex\">\n<p class=\"has-theme-palette-1-color has-text-color has-link-color wp-elements-43226ba38557e13f0ec0f466cf18fa26\">Vous pouvez continuer \u00e0 tenir ou d\u00e9cider de devenir stable.<\/p>\n\n\n\n<p class=\"has-theme-palette-1-color has-text-color has-link-color wp-elements-424032c5611295f4fb7b58dd807d0267\"><strong>Cr\u00e9er les conditions internes d\u2019une transformation stable, sans forcer, sans s\u2019\u00e9puiser, sans se trahir.<\/strong><\/p>\n<\/div>\n\n\n\n<p class=\"has-theme-palette-3-color has-text-color has-link-color wp-elements-874b5a7a97839de160c1e9253135deef\" style=\"font-size:17px\"><strong>T\u00e9l\u00e9charger l&rsquo;ebook<\/strong><\/p>\n<\/div><\/div>\n<\/div><\/div>\n\n\n\n<div class=\"wp-block-leadin-hubspot-form-block\">\n\t\t\t\t\t\t<script>\n\t\t\t\t\t\t\twindow.hsFormsOnReady = window.hsFormsOnReady || [];\n\t\t\t\t\t\t\twindow.hsFormsOnReady.push(()=>{\n\t\t\t\t\t\t\t\thbspt.forms.create({\n\t\t\t\t\t\t\t\t\tportalId: 146472211,\n\t\t\t\t\t\t\t\t\tformId: \"b4408e1c-8b08-4d83-bb13-a9cb235b0f6e\",\n\t\t\t\t\t\t\t\t\ttarget: \"#hbspt-form-1778241263000-8540004851\",\n\t\t\t\t\t\t\t\t\tregion: \"eu1\",\n\t\t\t\t\t\t\t\t\t\n\t\t\t\t\t\t\t})});\n\t\t\t\t\t\t<\/script>\n\t\t\t\t\t\t<div class=\"hbspt-form\" id=\"hbspt-form-1778241263000-8540004851\"><\/div><\/div>\n","protected":false},"excerpt":{"rendered":"<p>RAISONANCE INT\u00c9RIEURE Manifeste strat\u00e9gique pour dirigeants et professionnels exigeants Il y a un moment o\u00f9 faire plus ne fonctionne plus. Vous avez appris \u00e0 d\u00e9cider vite, \u00e0 tenir, \u00e0 encaisser, \u00e0 avancer, m\u00eame sous tension. Et \u00e7a a fonctionn\u00e9. Mais aujourd\u2019hui\u2026 Quelque chose ne r\u00e9pond plus de la m\u00eame mani\u00e8re. Ce n\u2019est pas visible de&#8230;<\/p>\n","protected":false},"author":1,"featured_media":0,"parent":0,"menu_order":0,"comment_status":"closed","ping_status":"closed","template":"","meta":{"content-type":"","om_disable_all_campaigns":false,"_monsterinsights_skip_tracking":false,"_monsterinsights_sitenote_active":false,"_monsterinsights_sitenote_note":"","_monsterinsights_sitenote_category":0,"_kad_post_transparent":"","_kad_post_title":"","_kad_post_layout":"","_kad_post_sidebar_id":"","_kad_post_content_style":"","_kad_post_vertical_padding":"","_kad_post_feature":"","_kad_post_feature_position":"","_kad_post_header":false,"_kad_post_footer":false,"footnotes":""},"class_list":["post-761","page","type-page","status-publish","hentry"],"aioseo_notices":[],"_links":{"self":[{"href":"https:\/\/raisonance-insights.fr\/index.php\/wp-json\/wp\/v2\/pages\/761","targetHints":{"allow":["GET"]}}],"collection":[{"href":"https:\/\/raisonance-insights.fr\/index.php\/wp-json\/wp\/v2\/pages"}],"about":[{"href":"https:\/\/raisonance-insights.fr\/index.php\/wp-json\/wp\/v2\/types\/page"}],"author":[{"embeddable":true,"href":"https:\/\/raisonance-insights.fr\/index.php\/wp-json\/wp\/v2\/users\/1"}],"replies":[{"embeddable":true,"href":"https:\/\/raisonance-insights.fr\/index.php\/wp-json\/wp\/v2\/comments?post=761"}],"version-history":[{"count":1,"href":"https:\/\/raisonance-insights.fr\/index.php\/wp-json\/wp\/v2\/pages\/761\/revisions"}],"predecessor-version":[{"id":762,"href":"https:\/\/raisonance-insights.fr\/index.php\/wp-json\/wp\/v2\/pages\/761\/revisions\/762"}],"wp:attachment":[{"href":"https:\/\/raisonance-insights.fr\/index.php\/wp-json\/wp\/v2\/media?parent=761"}],"curies":[{"name":"wp","href":"https:\/\/api.w.org\/{rel}","templated":true}]}}