{"id":721,"date":"2026-02-23T18:38:20","date_gmt":"2026-02-23T17:38:20","guid":{"rendered":"https:\/\/raisonance-insights.fr\/?page_id=721"},"modified":"2026-03-09T15:46:47","modified_gmt":"2026-03-09T14:46:47","slug":"afterwork-conference-experientielle","status":"publish","type":"page","link":"https:\/\/raisonance-insights.fr\/index.php\/afterwork-conference-experientielle\/","title":{"rendered":"Afterwork &#8211; Conf\u00e9rence exp\u00e9rientielle"},"content":{"rendered":"\n<p class=\"has-theme-palette-3-color has-text-color has-link-color has-medium-font-size wp-elements-87de5502112424d0c3868b276e2f88af\"><strong>Afterwork &#8211; Conf\u00e9rence exp\u00e9rientielle<\/strong><\/p>\n\n\n\n<div class=\"wp-block-group is-vertical is-layout-flex wp-container-core-group-is-layout-8cf370e7 wp-block-group-is-layout-flex\">\n<div class=\"wp-block-group\"><div class=\"wp-block-group__inner-container is-layout-constrained wp-block-group-is-layout-constrained\">\n<div class=\"wp-block-group is-vertical is-layout-flex wp-container-core-group-is-layout-8cf370e7 wp-block-group-is-layout-flex\">\n<p class=\"has-theme-palette-1-color has-text-color has-link-color has-medium-font-size wp-elements-f78988890a93f8c8c5ecfefa430eca25\"><strong><a href=\"https:\/\/payments-eu1.hubspot.com\/payments\/Kwqx4RTC?referrer=PAYMENT_LINK\">Autopsie de nos r\u00e9solutions rat\u00e9es<\/a><\/strong> <\/p>\n\n\n\n<p class=\"has-theme-palette-1-color has-text-color has-link-color has-medium-font-size wp-elements-a96309e0142004355ef965ffcf67fb62\"><strong>Passer de l&rsquo;intention \u00e0 l&rsquo;action durable<\/strong><\/p>\n\n\n\n<p class=\"has-theme-palette-1-color has-text-color has-link-color wp-elements-7a99c98476aea06d468d9c3e88cca380\">La conf\u00e9rence \u00e0 Valenciennes qui transforme votre mani\u00e8re de prendre des r\u00e9solutions<\/p>\n\n\n\n<p class=\"has-theme-palette-1-color has-text-color has-link-color wp-elements-4766c8f7fb18792451dca5023a26995b\">\ud83d\udcc5 26 mars \u00e0 18h<br>\ud83d\udccd H\u00f4tel particulier d\u2019exception \u00ab\u00a0Le 119\u00a0\u00bb, 119 rue de Famars \u00e0 Valenciennes<\/p>\n\n\n\n<p class=\"has-theme-palette-1-color has-text-color has-link-color wp-elements-75d84e207ee08c19dd22df49fccebf66\">Conf\u00e9rence exp\u00e9rientielle + cocktail<\/p>\n\n\n\n<p class=\"has-theme-palette-1-color has-text-color has-link-color wp-elements-d5ff02650a4abe0d25125b5111da5447\">\ud83d\udcb025\u20ac TTC<\/p>\n\n\n\n<p class=\"has-theme-palette-1-color has-text-color has-link-color wp-elements-c54510ab5422a316ac4af6ff696cd056\">Places limit\u00e9es pour garantir la qualit\u00e9 de l&rsquo;exp\u00e9rience<\/p>\n<\/div>\n\n\n\n<div class=\"wp-block-group is-vertical is-layout-flex wp-container-core-group-is-layout-8cf370e7 wp-block-group-is-layout-flex\">\n<p class=\"has-theme-palette-1-color has-text-color has-link-color wp-elements-7b0c36fbf1b5add7ee28a31eab27668a\">Le printemps arrive. C\u2019est le moment o\u00f9 l\u2019on regarde ce que l\u2019on avait d\u00e9cid\u00e9 en ce d\u00e9but d&rsquo;ann\u00e9e.<\/p>\n\n\n\n<p class=\"has-theme-palette-1-color has-text-color has-link-color wp-elements-96936eb48bee4758060a89d8c989efeb\">Structurer autrement son organisation.<br>Mieux d\u00e9l\u00e9guer.<br>Reprendre du temps strat\u00e9gique.<br>Sortir d\u2019un fonctionnement sous tension.<br>Installer une nouvelle discipline personnelle.<\/p>\n<\/div>\n<\/div><\/div>\n\n\n\n<p class=\"has-theme-palette-1-color has-text-color has-link-color wp-elements-ed552dc40bf4306e30d772b9255cfef5\">Et si l\u2019on est honn\u00eate\u2026 tout n\u2019a pas tenu.<\/p>\n\n\n\n<div class=\"wp-block-group is-vertical is-layout-flex wp-container-core-group-is-layout-8cf370e7 wp-block-group-is-layout-flex\">\n<p class=\"has-theme-palette-1-color has-text-color has-link-color wp-elements-8e4c90b46622a0c4ab48da14848ae6bc\">Cette conf\u00e9rence propose de comprendre nos \u00e9carts sans les juger.<\/p>\n<\/div>\n<\/div>\n\n\n\n<div class=\"wp-block-group has-theme-palette-1-color has-text-color has-link-color wp-elements-bbaf7fe7f94485068d729ce326591832\"><div class=\"wp-block-group__inner-container is-layout-constrained wp-block-group-is-layout-constrained\">\n<div class=\"wp-block-group is-vertical is-layout-flex wp-container-core-group-is-layout-8cf370e7 wp-block-group-is-layout-flex\">\n<p class=\"has-theme-palette-1-color has-text-color has-link-color wp-elements-533c4385cb5dc2b3d191f4304076d816\"><strong>Pourquoi nos r\u00e9solutions \u00e9chouent-elles?<\/strong><\/p>\n\n\n\n<p class=\"has-theme-palette-1-color has-text-color has-link-color wp-elements-5eae23e0449e151796ba296420d1fd9f\">Pas par manque d\u2019intelligence.<br>Pas par manque d\u2019ambition.<br>Et rarement par manque de volont\u00e9<\/p>\n\n\n\n<p class=\"has-theme-palette-1-color has-text-color has-link-color wp-elements-872dbc0416688aa568bc9da23549509e\">Elles \u00e9chouent parce que nous d\u00e9cidons depuis un \u00e9tat interne instable: sous pression, dans l\u2019urgence, dans un pic de motivation ou pour compenser une tension.<\/p>\n\n\n\n<p class=\"has-theme-palette-1-color has-text-color has-link-color wp-elements-3c3827ed825bcf8d61899e252f14f36d\">Lorsque l\u2019\u00e9tat retombe, l\u2019engagement s\u2019effondre avec lui. Ce que nous appelons \u201cmanque de discipline\u201d est souvent un manque de stabilit\u00e9 int\u00e9rieure.<\/p>\n<\/div>\n\n\n\n<div class=\"wp-block-group\"><div class=\"wp-block-group__inner-container is-layout-constrained wp-block-group-is-layout-constrained\">\n<div class=\"wp-block-group is-vertical is-layout-flex wp-container-core-group-is-layout-8cf370e7 wp-block-group-is-layout-flex\">\n<p class=\"has-theme-palette-1-color has-text-color has-link-color wp-elements-407827fb495c3d4ba00615b655ca28b3\"><strong>Ce que vous allez vivre<\/strong><\/p>\n\n\n\n<p class=\"has-theme-palette-1-color has-text-color has-link-color wp-elements-577a5033dfe78f451c3de4e09d31c45c\">Cette soir\u00e9e est une exploration lucide et exp\u00e9rientielle.<\/p>\n\n\n\n<p class=\"has-theme-palette-1-color has-text-color has-link-color wp-elements-cdb3768be64d280b4110d4f7b8fda9c0\">Vous comprendrez :<\/p>\n\n\n\n<ul class=\"wp-block-list\">\n<li class=\"has-theme-palette-1-color has-text-color has-link-color wp-elements-d907037da2fc1988fd1f3d77d3f5e48d\">pourquoi certaines d\u00e9cisions s\u2019installent et d\u2019autres s\u2019\u00e9rodent<\/li>\n\n\n\n<li class=\"has-theme-palette-1-color has-text-color has-link-color wp-elements-1d7fcce8014b64138bd65f2b3cb83bff\">l\u2019impact de votre \u00e9tat interne sur votre capacit\u00e9 d\u2019engagement<\/li>\n\n\n\n<li class=\"has-theme-palette-1-color has-text-color has-link-color wp-elements-75c567849aa72363a1ed6c353ddc5474\">comment la tension r\u00e9duit votre marge de man\u0153uvre<\/li>\n\n\n\n<li class=\"has-theme-palette-1-color has-text-color has-link-color wp-elements-28bd8ce04ded9de46e550176a69f34f6\">pourquoi \u201cvouloir plus\u201d aggrave parfois la situation<\/li>\n<\/ul>\n\n\n\n<p class=\"has-theme-palette-1-color has-text-color has-link-color wp-elements-cc418183ae8f222deee25b786471b5b2\">Vous exp\u00e9rimenterez en direct :<\/p>\n\n\n\n<ul class=\"wp-block-list\">\n<li>comment cr\u00e9er les conditions d\u2019un changement qui tient<\/li>\n\n\n\n<li>la diff\u00e9rence entre d\u00e9cider sous tension et d\u00e9cider en stabilit\u00e9<\/li>\n\n\n\n<li>ce qui transforme une intention en trajectoire durable<\/li>\n<\/ul>\n<\/div>\n<\/div><\/div>\n\n\n\n<ol start=\"3\" class=\"wp-block-list has-theme-palette-1-color has-text-color has-link-color wp-elements-56276cc288806491cd9994a276128c40\"><\/ol>\n<\/div><\/div>\n\n\n\n<div class=\"wp-block-group is-vertical is-layout-flex wp-container-core-group-is-layout-8cf370e7 wp-block-group-is-layout-flex\">\n<p class=\"has-theme-palette-1-color has-text-color has-link-color wp-elements-03c293b841b9b45b0ae8d276255364f6\"><strong>L\u2019intervention de B\u00e9rang\u00e8re<\/strong> <strong>Ruminy<\/strong><\/p>\n\n\n\n<p class=\"has-theme-palette-1-color has-text-color has-link-color wp-elements-f46696b83e60c11a0d450e096e1b9b05\">B\u00e9rang\u00e8re, femme d&rsquo;affaires engag\u00e9e dans son d\u00e9veloppement, vous partagera son propre parcours. Elle a su redessiner sa trajectoire \u00e0 la hauteur de ses ambitions.<br>Un partage exclusif, inspirant, lucide et ancr\u00e9 dans le r\u00e9el.<br>Avec toute la profondeur qui la caract\u00e9rise.<\/p>\n<\/div>\n\n\n\n<div class=\"wp-block-group\"><div class=\"wp-block-group__inner-container is-layout-constrained wp-block-group-is-layout-constrained\">\n<div class=\"wp-block-group is-vertical is-layout-flex wp-container-core-group-is-layout-8cf370e7 wp-block-group-is-layout-flex\">\n<div class=\"wp-block-group is-vertical is-layout-flex wp-container-core-group-is-layout-8cf370e7 wp-block-group-is-layout-flex\">\n<p class=\"has-theme-palette-1-color has-text-color has-link-color wp-elements-a4cc6bd011cc3667630ae4c4e9956f6e\"><strong>Le Lieu<\/strong><\/p>\n\n\n\n<p class=\"has-theme-palette-1-color has-text-color has-link-color wp-elements-2f5ae5fbbd3b589e07da6c2144af2cff\">L\u2019\u00e9v\u00e9nement se d\u00e9roule dans un h\u00f4tel particulier prestigieux situ\u00e9 au 119 rue de Famars \u00e0 Valenciennes.<\/p>\n\n\n\n<p class=\"has-theme-palette-1-color has-text-color has-link-color wp-elements-297c8e1106a4eaa30a354779adc40440\">Le cadre n\u2019est pas un d\u00e9tail. La qualit\u00e9 de l\u2019environnement influence directement votre disponibilit\u00e9 int\u00e9rieure.<\/p>\n\n\n\n<p class=\"has-theme-palette-1-color has-text-color has-link-color wp-elements-9e41897aabe5b1ffa99af0cff81fb4f2\"><a href=\"https:\/\/www.le119.fr\/\" target=\"_blank\" rel=\"noopener\" title=\"\">www.le119.fr<\/a><\/p>\n<\/div>\n<\/div>\n\n\n\n<div class=\"wp-block-group is-vertical is-layout-flex wp-container-core-group-is-layout-8cf370e7 wp-block-group-is-layout-flex\">\n<p class=\"has-theme-palette-1-color has-text-color has-link-color wp-elements-6550276382c9ca8844e149b467871bc7\"><strong>Des situations concr\u00e8tes que vous connaissez<\/strong><\/p>\n\n\n\n<p class=\"has-theme-palette-1-color has-text-color has-link-color wp-elements-68a88b6a56c39338780b9ba2f4fcf39f\">Cette conf\u00e9rence s\u2019adresse aux dirigeants, managers et professionnels exigeants qui se reconnaissent dans ces r\u00e9alit\u00e9s:<\/p>\n\n\n\n<ul class=\"wp-block-list has-theme-palette-1-color has-text-color has-link-color wp-elements-8a459f00e500be3b9d2aae38f0907114\">\n<li>D\u00e9cider de d\u00e9l\u00e9guer\u2026 et reprendre la main sous pression<\/li>\n\n\n\n<li>Annoncer un nouveau cadre\u2026 puis le ren\u00e9gocier inconsciemment<\/li>\n\n\n\n<li>Vouloir ralentir\u2026 mais replonger dans l\u2019urgence<\/li>\n\n\n\n<li>Lancer un projet ambitieux\u2026 et perdre l\u2019\u00e9lan en quelques semaines<\/li>\n\n\n\n<li>S\u2019engager \u00e0 mieux prendre soin de son \u00e9nergie\u2026 sans y parvenir durablement<\/li>\n<\/ul>\n\n\n\n<p class=\"has-theme-palette-1-color has-text-color has-link-color wp-elements-6dff4a907efd1ca449f3dd8a4f15047d\">Nous ne parlerons pas de motivation. Nous parlerons de structure int\u00e9rieure.<\/p>\n<\/div>\n<\/div><\/div>\n\n\n\n<div class=\"wp-block-group is-vertical is-layout-flex wp-container-core-group-is-layout-8cf370e7 wp-block-group-is-layout-flex\">\n<p class=\"has-theme-palette-1-color has-text-color has-link-color wp-elements-85ea92f0e4fbd8485957d7a268f9c264\"><strong>Vos cadeaux inclus<\/strong><\/p>\n\n\n\n<ul class=\"wp-block-list has-theme-palette-1-color has-text-color has-link-color wp-elements-5e40138691b45b3a3c8a65ad8a5e3f51\">\n<li>Ebook offert: Un guide structur\u00e9 pour prolonger l\u2019exp\u00e9rience et installer un changement durable.<\/li>\n\n\n\n<li>Acc\u00e8s \u00e0 la communaut\u00e9 Raisonante: Pour maintenir l\u2019\u00e9lan apr\u00e8s la soir\u00e9e.<\/li>\n<\/ul>\n<\/div>\n\n\n\n<div class=\"wp-block-group\"><div class=\"wp-block-group__inner-container is-layout-constrained wp-block-group-is-layout-constrained\">\n<div class=\"wp-block-group is-vertical is-layout-flex wp-container-core-group-is-layout-8cf370e7 wp-block-group-is-layout-flex\">\n<p class=\"has-theme-palette-1-color has-text-color has-link-color wp-elements-576b2f2d63c4cb831bb79d9d63200e4f\"><strong>\u00c0 propos de Raisonance Insights<\/strong><\/p>\n\n\n\n<p class=\"has-theme-palette-1-color has-text-color has-link-color wp-elements-2de733fddcca979de68b2a0ffda5d494\">Raisonance Insights est un Centre d\u2019entra\u00eenement du Leadership et de d\u00e9veloppement du Potentiel humain.<br>Nous accompagnons dirigeants, managers et professionnels exigeants<br>\u00e0 installer une performance durable, respectueuse du vivant.<\/p>\n\n\n\n<ul class=\"wp-block-list has-theme-palette-1-color has-text-color has-link-color wp-elements-2a1bc8c146e54a82cf06b4a02595c4b2\">\n<li>une approche 360\u00b0 de l&rsquo;individu (dans toutes ses dimensions: cognitives, \u00e9motionnelles, comportementales, relationnelles)<\/li>\n\n\n\n<li>les neurosciences appliqu\u00e9es<\/li>\n\n\n\n<li>l&rsquo;entrainement et l&rsquo;exp\u00e9rimentation \u00e0 partir des enjeux r\u00e9els du terrains<\/li>\n<\/ul>\n<\/div>\n<\/div><\/div>\n\n\n\n<div style=\"height:20px\" aria-hidden=\"true\" class=\"wp-block-spacer\"><\/div>\n\n\n\n<p class=\"has-theme-palette-3-color has-text-color has-link-color has-medium-font-size wp-elements-eb6951673de741f1a95bd6f928676cd6\"><strong>Je r\u00e9serve ma place<\/strong><\/p>\n\n\n\n<div class=\"wp-block-leadin-hubspot-form-block\">\n\t\t\t\t\t\t<script>\n\t\t\t\t\t\t\twindow.hsFormsOnReady = window.hsFormsOnReady || [];\n\t\t\t\t\t\t\twindow.hsFormsOnReady.push(()=>{\n\t\t\t\t\t\t\t\thbspt.forms.create({\n\t\t\t\t\t\t\t\t\tportalId: 146472211,\n\t\t\t\t\t\t\t\t\tformId: \"4af84c48-8fad-4425-97aa-45fd8e145eb9\",\n\t\t\t\t\t\t\t\t\ttarget: \"#hbspt-form-1778246187000-3522090546\",\n\t\t\t\t\t\t\t\t\tregion: \"eu1\",\n\t\t\t\t\t\t\t\t\t\n\t\t\t\t\t\t\t})});\n\t\t\t\t\t\t<\/script>\n\t\t\t\t\t\t<div class=\"hbspt-form\" id=\"hbspt-form-1778246187000-3522090546\"><\/div><\/div>\n\n\n\n<p><\/p>\n","protected":false},"excerpt":{"rendered":"<p>Afterwork &#8211; Conf\u00e9rence exp\u00e9rientielle Autopsie de nos r\u00e9solutions rat\u00e9es Passer de l&rsquo;intention \u00e0 l&rsquo;action durable La conf\u00e9rence \u00e0 Valenciennes qui transforme votre mani\u00e8re de prendre des r\u00e9solutions \ud83d\udcc5 26 mars \u00e0 18h\ud83d\udccd H\u00f4tel particulier d\u2019exception \u00ab\u00a0Le 119\u00a0\u00bb, 119 rue de Famars \u00e0 Valenciennes Conf\u00e9rence exp\u00e9rientielle + cocktail \ud83d\udcb025\u20ac TTC Places limit\u00e9es pour garantir la qualit\u00e9&#8230;<\/p>\n","protected":false},"author":1,"featured_media":0,"parent":0,"menu_order":0,"comment_status":"closed","ping_status":"closed","template":"","meta":{"content-type":"","om_disable_all_campaigns":false,"_monsterinsights_skip_tracking":false,"_monsterinsights_sitenote_active":false,"_monsterinsights_sitenote_note":"","_monsterinsights_sitenote_category":0,"_kad_post_transparent":"","_kad_post_title":"","_kad_post_layout":"","_kad_post_sidebar_id":"","_kad_post_content_style":"","_kad_post_vertical_padding":"","_kad_post_feature":"","_kad_post_feature_position":"","_kad_post_header":false,"_kad_post_footer":false,"footnotes":""},"class_list":["post-721","page","type-page","status-publish","hentry"],"aioseo_notices":[],"_links":{"self":[{"href":"https:\/\/raisonance-insights.fr\/index.php\/wp-json\/wp\/v2\/pages\/721","targetHints":{"allow":["GET"]}}],"collection":[{"href":"https:\/\/raisonance-insights.fr\/index.php\/wp-json\/wp\/v2\/pages"}],"about":[{"href":"https:\/\/raisonance-insights.fr\/index.php\/wp-json\/wp\/v2\/types\/page"}],"author":[{"embeddable":true,"href":"https:\/\/raisonance-insights.fr\/index.php\/wp-json\/wp\/v2\/users\/1"}],"replies":[{"embeddable":true,"href":"https:\/\/raisonance-insights.fr\/index.php\/wp-json\/wp\/v2\/comments?post=721"}],"version-history":[{"count":13,"href":"https:\/\/raisonance-insights.fr\/index.php\/wp-json\/wp\/v2\/pages\/721\/revisions"}],"predecessor-version":[{"id":751,"href":"https:\/\/raisonance-insights.fr\/index.php\/wp-json\/wp\/v2\/pages\/721\/revisions\/751"}],"wp:attachment":[{"href":"https:\/\/raisonance-insights.fr\/index.php\/wp-json\/wp\/v2\/media?parent=721"}],"curies":[{"name":"wp","href":"https:\/\/api.w.org\/{rel}","templated":true}]}}