{"id":632,"date":"2026-02-20T16:39:54","date_gmt":"2026-02-20T15:39:54","guid":{"rendered":"https:\/\/raisonance-insights.fr\/?page_id=632"},"modified":"2026-02-23T09:04:15","modified_gmt":"2026-02-23T08:04:15","slug":"politique-de-confidentialite","status":"publish","type":"page","link":"https:\/\/raisonance-insights.fr\/index.php\/politique-de-confidentialite\/","title":{"rendered":"Politique de confidentialit\u00e9"},"content":{"rendered":"<style>.kb-row-layout-id632_90a379-93 > .kt-row-column-wrap{align-content:start;}:where(.kb-row-layout-id632_90a379-93 > .kt-row-column-wrap) > .wp-block-kadence-column{justify-content:start;}.kb-row-layout-id632_90a379-93 > .kt-row-column-wrap{column-gap:var(--global-kb-gap-md, 2rem);row-gap:var(--global-kb-gap-md, 2rem);padding-top:var(--global-kb-spacing-sm, 1.5rem);padding-bottom:var(--global-kb-spacing-sm, 1.5rem);grid-template-columns:minmax(0, 1fr);}.kb-row-layout-id632_90a379-93 > .kt-row-layout-overlay{opacity:0.30;}@media all and (max-width: 1024px){.kb-row-layout-id632_90a379-93 > .kt-row-column-wrap{grid-template-columns:minmax(0, 1fr);}}@media all and (max-width: 767px){.kb-row-layout-id632_90a379-93 > .kt-row-column-wrap{grid-template-columns:minmax(0, 1fr);}}<\/style><div class=\"kb-row-layout-wrap kb-row-layout-id632_90a379-93 alignnone wp-block-kadence-rowlayout\"><div class=\"kt-row-column-wrap kt-has-1-columns kt-row-layout-equal kt-tab-layout-inherit kt-mobile-layout-row kt-row-valign-top\">\n<style>.kadence-column632_cb93fb-63 > .kt-inside-inner-col,.kadence-column632_cb93fb-63 > .kt-inside-inner-col:before{border-top-left-radius:0px;border-top-right-radius:0px;border-bottom-right-radius:0px;border-bottom-left-radius:0px;}.kadence-column632_cb93fb-63 > .kt-inside-inner-col:before{opacity:0.3;}.kadence-column632_cb93fb-63{position:relative;}<\/style>\n<div class=\"wp-block-kadence-column kadence-column632_cb93fb-63\"><div class=\"kt-inside-inner-col\">\n<h3 class=\"wp-block-heading\"><strong>Politique de confidentialit\u00e9<\/strong> et de traitement des donn\u00e9es personnelles<\/h3>\n\n\n\n<p class=\"has-theme-palette-1-color has-text-color has-link-color has-small-font-size wp-elements-148cc7f18ad7d5c13a43e95068de0961\"><em>(R\u00e8glement G\u00e9n\u00e9ral sur la Protection des Donn\u00e9es \u2013 RGPD)<\/em><\/p>\n\n\n\n<div class=\"wp-block-group is-vertical is-layout-flex wp-container-core-group-is-layout-8cf370e7 wp-block-group-is-layout-flex\">\n<h2 class=\"wp-block-heading has-theme-palette-1-color has-text-color has-link-color has-small-font-size wp-elements-d690598d77b512e06baeddf02cac379e\"><strong>1. Introduction<\/strong><\/h2>\n\n\n\n<p class=\"has-theme-palette-1-color has-text-color has-link-color has-small-font-size wp-elements-f9dc32171047c43583f41f8e545bae85\">La pr\u00e9sente politique de confidentialit\u00e9 a pour objectif d\u2019informer les utilisateurs du site Raisonance Insights de la mani\u00e8re dont leurs donn\u00e9es personnelles sont collect\u00e9es, utilis\u00e9es, prot\u00e9g\u00e9es et de leurs droits en conformit\u00e9 avec le R\u00e8glement G\u00e9n\u00e9ral sur la Protection des Donn\u00e9es (UE 2016\/679).<\/p>\n\n\n\n<p class=\"has-theme-palette-1-color has-text-color has-link-color has-small-font-size wp-elements-da2ee2117561bc6e0509927c2500ecf8\">Raisonance Insights attache une importance particuli\u00e8re au respect de la vie priv\u00e9e et \u00e0 la protection des donn\u00e9es personnelles.<\/p>\n<\/div>\n\n\n\n<div class=\"wp-block-group is-vertical is-layout-flex wp-container-core-group-is-layout-8cf370e7 wp-block-group-is-layout-flex\">\n<h2 class=\"wp-block-heading has-theme-palette-1-color has-text-color has-link-color has-small-font-size wp-elements-8eec121cff11a102535f0e229558fabe\"><strong>2. Responsable du traitement des donn\u00e9es<\/strong><\/h2>\n\n\n\n<p class=\"has-theme-palette-1-color has-text-color has-link-color has-small-font-size wp-elements-bb942533fa3acdf8fd5babaf8f198970\">Le responsable du traitement des donn\u00e9es personnelles est :<\/p>\n\n\n\n<p class=\"has-theme-palette-1-color has-text-color has-link-color has-small-font-size wp-elements-e9059e016168b0570bbed7f0a8139327\"><strong>Raisonance Insights<\/strong><strong><br><\/strong> SARL au capital de 3 000 \u20ac<br>Si\u00e8ge social : <strong>Le 119, 119 rue de Famars, 59300 Valenciennes \u2013 France<\/strong><\/p>\n\n\n\n<p class=\"has-theme-palette-1-color has-text-color has-link-color has-small-font-size wp-elements-0736f4140c0fbc8caaf3f21c4f41941f\">Repr\u00e9sent\u00e9e par :<br><strong>Caroline Lan\u00e7on et Maryna Godefroid<\/strong>, Cofondatrices<\/p>\n\n\n\n<p class=\"has-theme-palette-1-color has-text-color has-link-color has-small-font-size wp-elements-7ccd17bbb578ecf7c5e71fa78d2b2fdb\">\ud83d\udce7 Contact : <strong>contact@raisonance-insights.fr<\/strong><\/p>\n<\/div>\n\n\n\n<div class=\"wp-block-group is-vertical is-layout-flex wp-container-core-group-is-layout-8cf370e7 wp-block-group-is-layout-flex\">\n<h2 class=\"wp-block-heading has-theme-palette-1-color has-text-color has-link-color has-small-font-size wp-elements-279373fff632dccd801a8c0ec9d87b8c\"><strong>3. Donn\u00e9es personnelles collect\u00e9es<\/strong><\/h2>\n\n\n\n<p class=\"has-theme-palette-1-color has-text-color has-link-color has-small-font-size wp-elements-569cd238823846ff617c38e559dcc822\">Les donn\u00e9es personnelles susceptibles d\u2019\u00eatre collect\u00e9es sur le site sont notamment :<\/p>\n\n\n\n<ul class=\"wp-block-list\">\n<li class=\"has-theme-palette-1-color has-text-color has-link-color has-small-font-size wp-elements-1bafb46e67a456aca9557246ffb93669\">Nom et pr\u00e9nom<br><\/li>\n\n\n\n<li class=\"has-theme-palette-1-color has-text-color has-link-color has-small-font-size wp-elements-e4d0673c2334a30b1a40346819df802f\">Adresse email<br><\/li>\n\n\n\n<li class=\"has-theme-palette-1-color has-text-color has-link-color has-small-font-size wp-elements-bc402f1ab3b4733a7369108ca7b7e5c0\">Num\u00e9ro de t\u00e9l\u00e9phone<br><\/li>\n\n\n\n<li class=\"has-theme-palette-1-color has-text-color has-link-color has-small-font-size wp-elements-bab4ed54ec85da117f65f3435a6e3212\">Fonction et\/ou entreprise<br><\/li>\n\n\n\n<li class=\"has-theme-palette-1-color has-text-color has-link-color has-small-font-size wp-elements-6b034a77f2cb86135074e45557deb86c\">Toute information transmise volontairement via les formulaires (contact, inscription, prise de rendez-vous)<br><\/li>\n<\/ul>\n\n\n\n<p class=\"has-theme-palette-1-color has-text-color has-link-color has-small-font-size wp-elements-ded36cbea64f33a1db917c7b0af08d61\">Ces donn\u00e9es sont collect\u00e9es lorsque l\u2019utilisateur :<\/p>\n\n\n\n<ul class=\"wp-block-list has-theme-palette-1-color has-text-color has-link-color has-small-font-size wp-elements-42002f78a7a1c02bcc452c223e750d5c\">\n<li>Remplit un formulaire de contact<br><\/li>\n\n\n\n<li>S\u2019inscrit \u00e0 un atelier, un \u00e9v\u00e9nement ou une newsletter<br><\/li>\n\n\n\n<li>Prend rendez-vous pour un appel d\u00e9couverte ou un accompagnement<br><\/li>\n\n\n\n<li>T\u00e9l\u00e9charge une ressource<br><\/li>\n\n\n\n<li>Effectue un paiement ou une r\u00e9servation en ligne<br><\/li>\n<\/ul>\n<\/div>\n\n\n\n<div class=\"wp-block-group is-vertical is-layout-flex wp-container-core-group-is-layout-8cf370e7 wp-block-group-is-layout-flex\">\n<div class=\"wp-block-group is-vertical is-layout-flex wp-container-core-group-is-layout-8cf370e7 wp-block-group-is-layout-flex\">\n<h2 class=\"wp-block-heading has-theme-palette-1-color has-text-color has-link-color has-small-font-size wp-elements-44f2c9bb3cc0b758ceb9b6a739ace29a\"><strong>4. Finalit\u00e9s du traitement<\/strong><\/h2>\n\n\n\n<p class=\"has-theme-palette-1-color has-text-color has-link-color has-small-font-size wp-elements-17732ac7f60fdab9dcb4b619afb0d1fe\">Les donn\u00e9es personnelles collect\u00e9es sont utilis\u00e9es uniquement pour les finalit\u00e9s suivantes :<\/p>\n\n\n\n<ul class=\"wp-block-list\">\n<li class=\"has-theme-palette-1-color has-text-color has-link-color has-small-font-size wp-elements-f41384ac8129d08dd880ab85cb44dc17\">R\u00e9pondre aux demandes de contact<br><\/li>\n\n\n\n<li class=\"has-theme-palette-1-color has-text-color has-link-color has-small-font-size wp-elements-49cc6c501c9a8e585e3e1279928e8e3c\">Organiser les rendez-vous, ateliers, et accompagnements<br><\/li>\n\n\n\n<li class=\"has-theme-palette-1-color has-text-color has-link-color has-small-font-size wp-elements-59c4d7e141e65f6a902adf56b765dc59\">G\u00e9rer les inscriptions, paiements et facturations<br><\/li>\n\n\n\n<li class=\"has-theme-palette-1-color has-text-color has-link-color has-small-font-size wp-elements-a04b48491eeb6bc9e5f8ed0921793958\">Assurer le suivi de la relation client<br><\/li>\n\n\n\n<li class=\"has-theme-palette-1-color has-text-color has-link-color has-small-font-size wp-elements-70eece6df29303c3c2eb8ef2562c0c18\">Envoyer des informations, contenus ou actualit\u00e9s li\u00e9s aux activit\u00e9s de Raisonance Insights<br><\/li>\n\n\n\n<li class=\"has-theme-palette-1-color has-text-color has-link-color has-small-font-size wp-elements-b6282bf45c19d6ce1ec32befbf75b6c1\">Am\u00e9liorer l\u2019exp\u00e9rience utilisateur et les services propos\u00e9s<br><\/li>\n<\/ul>\n<\/div>\n\n\n\n<p class=\"has-theme-palette-1-color has-text-color has-link-color has-small-font-size wp-elements-13c8b26cd1a8668bf3db47673517df3c\">Les donn\u00e9es ne sont <strong>jamais utilis\u00e9es \u00e0 des fins commerciales non consenties<\/strong>.<\/p>\n<\/div>\n\n\n\n<div class=\"wp-block-group is-vertical is-layout-flex wp-container-core-group-is-layout-8cf370e7 wp-block-group-is-layout-flex\">\n<h2 class=\"wp-block-heading has-theme-palette-1-color has-text-color has-link-color has-small-font-size wp-elements-1ac8e3c34dca4b094440eea9f89d77ae\"><strong>5. Base l\u00e9gale du traitement<\/strong><\/h2>\n\n\n\n<p class=\"has-theme-palette-1-color has-text-color has-link-color has-small-font-size wp-elements-93da2d6febaa95a9915e494962fef7a4\">Le traitement des donn\u00e9es personnelles repose sur :<\/p>\n\n\n\n<ul class=\"wp-block-list\">\n<li class=\"has-theme-palette-1-color has-text-color has-link-color has-small-font-size wp-elements-aed0f8de6d25a01c902b49e1e79fa52a\">Le <strong>consentement explicite<\/strong> de l\u2019utilisateur<br><\/li>\n\n\n\n<li class=\"has-theme-palette-1-color has-text-color has-link-color has-small-font-size wp-elements-acb82a6d09b5dba06779ddabed3c75a1\">L\u2019<strong>ex\u00e9cution d\u2019un contrat<\/strong> ou de mesures pr\u00e9contractuelles (prise de rendez-vous, inscription \u00e0 un atelier)<br><\/li>\n\n\n\n<li class=\"has-theme-palette-1-color has-text-color has-link-color has-small-font-size wp-elements-0598875cb747cca5b7f02d64a35417f8\">Le respect des <strong>obligations l\u00e9gales<\/strong> (facturation, comptabilit\u00e9)<br><\/li>\n<\/ul>\n<\/div>\n\n\n\n<div class=\"wp-block-group is-vertical is-layout-flex wp-container-core-group-is-layout-8cf370e7 wp-block-group-is-layout-flex\">\n<h2 class=\"wp-block-heading has-theme-palette-1-color has-text-color has-link-color has-small-font-size wp-elements-da5eb10ec163d8eba50ea77b693163d3\"><strong>6. Dur\u00e9e de conservation des donn\u00e9es<\/strong><\/h2>\n\n\n\n<p class=\"has-theme-palette-1-color has-text-color has-link-color has-small-font-size wp-elements-defbeba9a4d5f8439f937f1423cefd48\">Les donn\u00e9es personnelles sont conserv\u00e9es uniquement pour la dur\u00e9e n\u00e9cessaire \u00e0 la finalit\u00e9 du traitement :<\/p>\n\n\n\n<ul class=\"wp-block-list\">\n<li class=\"has-theme-palette-1-color has-text-color has-link-color has-small-font-size wp-elements-b4cfb745330987d23d5effb643bc57b2\">Donn\u00e9es de contact : jusqu\u2019\u00e0 3 ans apr\u00e8s le dernier \u00e9change<br><\/li>\n\n\n\n<li class=\"has-theme-palette-1-color has-text-color has-link-color has-small-font-size wp-elements-4dba3ac770b5d6b6b13a9718aa5c3b41\">Donn\u00e9es li\u00e9es \u00e0 une relation contractuelle : dur\u00e9e l\u00e9gale de conservation comptable et fiscale<br><\/li>\n\n\n\n<li class=\"has-theme-palette-1-color has-text-color has-link-color has-small-font-size wp-elements-1c942069d1dadf0b8b83dec77787c069\">Donn\u00e9es marketing : jusqu\u2019au retrait du consentement par l\u2019utilisateur<br><\/li>\n<\/ul>\n<\/div>\n\n\n\n<div class=\"wp-block-group is-vertical is-layout-flex wp-container-core-group-is-layout-8cf370e7 wp-block-group-is-layout-flex\">\n<h2 class=\"wp-block-heading has-theme-palette-1-color has-text-color has-link-color has-small-font-size wp-elements-be9f48ac2e72fd33788bcbec4befbb92\"><strong>7. Destinataires des donn\u00e9es<\/strong><\/h2>\n\n\n\n<p class=\"has-theme-palette-1-color has-text-color has-link-color has-small-font-size wp-elements-289f4a5e5a3fb495e97abb06de138edb\">Les donn\u00e9es personnelles sont exclusivement destin\u00e9es \u00e0 <strong>Raisonance Insights<\/strong>.<\/p>\n\n\n\n<p class=\"has-theme-palette-1-color has-text-color has-link-color has-small-font-size wp-elements-c68c389a8d59413827ac9fb9d239595f\">Toutefois, certaines donn\u00e9es peuvent \u00eatre trait\u00e9es par des prestataires techniques n\u00e9cessaires au fonctionnement du site et des services, notamment :<\/p>\n\n\n\n<ul class=\"wp-block-list has-theme-palette-1-color has-text-color has-link-color has-small-font-size wp-elements-fac38ac6e21baad1528707aee13dc96d\">\n<li>H\u00e9bergement du site : <strong>Hostinger<\/strong><strong><br><\/strong><\/li>\n\n\n\n<li>Outils de prise de rendez-vous<br><\/li>\n\n\n\n<li>Outils de paiement s\u00e9curis\u00e9 (ex. Stripe)<br><\/li>\n\n\n\n<li>Outils d\u2019emailing et de gestion client<br><\/li>\n<\/ul>\n\n\n\n<p class=\"has-theme-palette-1-color has-text-color has-link-color has-small-font-size wp-elements-fe9a4c76a138653247f51292b66d81fb\">Ces prestataires sont soumis \u00e0 une obligation de confidentialit\u00e9 et respectent la r\u00e9glementation RGPD.<\/p>\n<\/div>\n\n\n\n<h2 class=\"wp-block-heading has-theme-palette-1-color has-text-color has-link-color has-small-font-size wp-elements-f0c2e52793d42d0e3a582359d634c708\"><strong>8. S\u00e9curit\u00e9 des donn\u00e9es<\/strong><\/h2>\n\n\n\n<p class=\"has-theme-palette-1-color has-text-color has-link-color has-small-font-size wp-elements-281b6abf621252f1349d6ee6fa4996a1\">Raisonance Insights met en \u0153uvre toutes les mesures techniques et organisationnelles appropri\u00e9es afin de garantir la s\u00e9curit\u00e9, l\u2019int\u00e9grit\u00e9 et la confidentialit\u00e9 des donn\u00e9es personnelles et d\u2019emp\u00eacher tout acc\u00e8s non autoris\u00e9.<\/p>\n\n\n\n<div class=\"wp-block-group is-vertical is-layout-flex wp-container-core-group-is-layout-8cf370e7 wp-block-group-is-layout-flex\">\n<div class=\"wp-block-group is-vertical is-layout-flex wp-container-core-group-is-layout-8cf370e7 wp-block-group-is-layout-flex\">\n<h2 class=\"wp-block-heading has-theme-palette-1-color has-text-color has-link-color has-small-font-size wp-elements-a0cdd56e4d5f836738901df7214428bc\"><strong>9. Droits des utilisateurs<\/strong><\/h2>\n\n\n\n<p class=\"has-theme-palette-1-color has-text-color has-link-color has-small-font-size wp-elements-cde107b500fc09ba7424ac1040c46fb1\">Conform\u00e9ment \u00e0 la r\u00e9glementation en vigueur, chaque utilisateur dispose des droits suivants :<\/p>\n\n\n\n<ul class=\"wp-block-list\">\n<li class=\"has-theme-palette-1-color has-text-color has-link-color has-small-font-size wp-elements-22ddd11fd3006f7c46c9781681fd75e5\">Droit d\u2019acc\u00e8s \u00e0 ses donn\u00e9es personnelles<br><\/li>\n\n\n\n<li class=\"has-theme-palette-1-color has-text-color has-link-color has-small-font-size wp-elements-08a1f661628cb95a5dc1f5228e68d66e\">Droit de rectification<br><\/li>\n\n\n\n<li class=\"has-theme-palette-1-color has-text-color has-link-color has-small-font-size wp-elements-efe4194b5b76b159936a92c9a843d9bd\">Droit \u00e0 l\u2019effacement (droit \u00e0 l\u2019oubli)<br><\/li>\n\n\n\n<li class=\"has-theme-palette-1-color has-text-color has-link-color has-small-font-size wp-elements-950c9b936744a54e0c6eb3acb00de3fd\">Droit \u00e0 la limitation du traitement<br><\/li>\n\n\n\n<li class=\"has-theme-palette-1-color has-text-color has-link-color has-small-font-size wp-elements-65eb95c2d1685676902b7d51befdf176\">Droit d\u2019opposition<br><\/li>\n\n\n\n<li class=\"has-theme-palette-1-color has-text-color has-link-color has-small-font-size wp-elements-7b1bad62b3d69b61b3669744ce37c404\">Droit \u00e0 la portabilit\u00e9 des donn\u00e9es<br><\/li>\n\n\n\n<li class=\"has-theme-palette-1-color has-text-color has-link-color has-small-font-size wp-elements-75004f047ab9b3dab5fd7af3bc5669b8\">Droit de retirer son consentement \u00e0 tout moment<br><\/li>\n<\/ul>\n\n\n\n<p class=\"has-theme-palette-1-color has-text-color has-link-color has-small-font-size wp-elements-bc33c59898ea38d7ce7b547400515206\">Pour exercer ces droits, l\u2019utilisateur peut adresser sa demande \u00e0 :<br><strong>contact@raisonance-insights.fr<\/strong><\/p>\n\n\n\n<p class=\"has-theme-palette-1-color has-text-color has-link-color has-small-font-size wp-elements-a2b01b48975bfda9acbdc7e5b638ec76\">Une r\u00e9ponse sera apport\u00e9e dans un d\u00e9lai maximum de <strong>30 jours<\/strong>.<\/p>\n<\/div>\n<\/div>\n\n\n\n<div class=\"wp-block-group is-vertical is-layout-flex wp-container-core-group-is-layout-8cf370e7 wp-block-group-is-layout-flex\">\n<h2 class=\"wp-block-heading has-theme-palette-1-color has-text-color has-link-color has-small-font-size wp-elements-9970eb21641f06937b8c5dcfa7304664\"><strong>10. Cookies<\/strong><\/h2>\n\n\n\n<p class=\"has-theme-palette-1-color has-text-color has-link-color has-small-font-size wp-elements-404162886cba8d27c7c89a7b0ac6d0ab\">Le site peut utiliser des cookies afin de :<\/p>\n\n\n\n<ul class=\"wp-block-list\">\n<li class=\"has-theme-palette-1-color has-text-color has-link-color has-small-font-size wp-elements-07b3fd13fab1d20ef9e3574a1cca1888\">Mesurer l\u2019audience et les performances du site<br><\/li>\n\n\n\n<li class=\"has-theme-palette-1-color has-text-color has-link-color has-small-font-size wp-elements-b1c57ecdececf6daad8b3a205e05dec1\">Am\u00e9liorer l\u2019exp\u00e9rience utilisateur<br><\/li>\n\n\n\n<li class=\"has-theme-palette-1-color has-text-color has-link-color has-small-font-size wp-elements-0c94b6902056fac155afe96f66bbf12f\">Faciliter la navigation<br><\/li>\n<\/ul>\n\n\n\n<p class=\"has-theme-palette-1-color has-text-color has-link-color has-small-font-size wp-elements-9df228791958cc6941522b99422ef22f\">L\u2019utilisateur est inform\u00e9 de l\u2019utilisation des cookies via un bandeau d\u00e9di\u00e9 lors de sa premi\u00e8re visite et peut modifier ses pr\u00e9f\u00e9rences \u00e0 tout moment.<\/p>\n<\/div>\n\n\n\n<div class=\"wp-block-group is-vertical is-layout-flex wp-container-core-group-is-layout-8cf370e7 wp-block-group-is-layout-flex\">\n<h2 class=\"wp-block-heading has-theme-palette-1-color has-text-color has-link-color has-small-font-size wp-elements-7d820332a33b5bd963237e094e719ba9\"><strong>11. Modification de la politique de confidentialit\u00e9<\/strong><\/h2>\n\n\n\n<p class=\"has-theme-palette-1-color has-text-color has-link-color has-small-font-size wp-elements-03d8e17c0267700798e481f169b6e8f5\">Raisonance Insights se r\u00e9serve le droit de modifier la pr\u00e9sente politique de confidentialit\u00e9 \u00e0 tout moment afin de garantir sa conformit\u00e9 avec la l\u00e9gislation en vigueur.<\/p>\n\n\n\n<p class=\"has-theme-palette-1-color has-text-color has-link-color has-small-font-size wp-elements-4714ace46107796c927616c27ee4d10f\">La version en vigueur est celle publi\u00e9e sur le site \u00e0 la date de consultation.<\/p>\n<\/div>\n<\/div><\/div>\n\n<\/div><\/div>\n\n\n<p><\/p>\n","protected":false},"excerpt":{"rendered":"<p>Politique de confidentialit\u00e9 et de traitement des donn\u00e9es personnelles (R\u00e8glement G\u00e9n\u00e9ral sur la Protection des Donn\u00e9es \u2013 RGPD) 1. Introduction La pr\u00e9sente politique de confidentialit\u00e9 a pour objectif d\u2019informer les utilisateurs du site Raisonance Insights de la mani\u00e8re dont leurs donn\u00e9es personnelles sont collect\u00e9es, utilis\u00e9es, prot\u00e9g\u00e9es et de leurs droits en conformit\u00e9 avec le R\u00e8glement&#8230;<\/p>\n","protected":false},"author":1,"featured_media":0,"parent":0,"menu_order":0,"comment_status":"closed","ping_status":"closed","template":"","meta":{"content-type":"","om_disable_all_campaigns":false,"_monsterinsights_skip_tracking":false,"_monsterinsights_sitenote_active":false,"_monsterinsights_sitenote_note":"","_monsterinsights_sitenote_category":0,"_kad_post_transparent":"","_kad_post_title":"","_kad_post_layout":"","_kad_post_sidebar_id":"","_kad_post_content_style":"","_kad_post_vertical_padding":"","_kad_post_feature":"","_kad_post_feature_position":"","_kad_post_header":false,"_kad_post_footer":false,"footnotes":""},"class_list":["post-632","page","type-page","status-publish","hentry"],"aioseo_notices":[],"_links":{"self":[{"href":"https:\/\/raisonance-insights.fr\/index.php\/wp-json\/wp\/v2\/pages\/632","targetHints":{"allow":["GET"]}}],"collection":[{"href":"https:\/\/raisonance-insights.fr\/index.php\/wp-json\/wp\/v2\/pages"}],"about":[{"href":"https:\/\/raisonance-insights.fr\/index.php\/wp-json\/wp\/v2\/types\/page"}],"author":[{"embeddable":true,"href":"https:\/\/raisonance-insights.fr\/index.php\/wp-json\/wp\/v2\/users\/1"}],"replies":[{"embeddable":true,"href":"https:\/\/raisonance-insights.fr\/index.php\/wp-json\/wp\/v2\/comments?post=632"}],"version-history":[{"count":1,"href":"https:\/\/raisonance-insights.fr\/index.php\/wp-json\/wp\/v2\/pages\/632\/revisions"}],"predecessor-version":[{"id":633,"href":"https:\/\/raisonance-insights.fr\/index.php\/wp-json\/wp\/v2\/pages\/632\/revisions\/633"}],"wp:attachment":[{"href":"https:\/\/raisonance-insights.fr\/index.php\/wp-json\/wp\/v2\/media?parent=632"}],"curies":[{"name":"wp","href":"https:\/\/api.w.org\/{rel}","templated":true}]}}