{"id":630,"date":"2026-02-20T16:15:52","date_gmt":"2026-02-20T15:15:52","guid":{"rendered":"https:\/\/raisonance-insights.fr\/?page_id=630"},"modified":"2026-02-23T09:03:00","modified_gmt":"2026-02-23T08:03:00","slug":"mentions-legales","status":"publish","type":"page","link":"https:\/\/raisonance-insights.fr\/index.php\/mentions-legales\/","title":{"rendered":"Mentions l\u00e9gales"},"content":{"rendered":"<style>.kb-row-layout-id630_a1c087-a7 > .kt-row-column-wrap{align-content:start;}:where(.kb-row-layout-id630_a1c087-a7 > .kt-row-column-wrap) > .wp-block-kadence-column{justify-content:start;}.kb-row-layout-id630_a1c087-a7 > .kt-row-column-wrap{column-gap:var(--global-kb-gap-md, 2rem);row-gap:var(--global-kb-gap-md, 2rem);padding-top:var(--global-kb-spacing-sm, 1.5rem);padding-bottom:var(--global-kb-spacing-sm, 1.5rem);grid-template-columns:minmax(0, 1fr);}.kb-row-layout-id630_a1c087-a7 > .kt-row-layout-overlay{opacity:0.30;}@media all and (max-width: 1024px){.kb-row-layout-id630_a1c087-a7 > .kt-row-column-wrap{grid-template-columns:minmax(0, 1fr);}}@media all and (max-width: 767px){.kb-row-layout-id630_a1c087-a7 > .kt-row-column-wrap{grid-template-columns:minmax(0, 1fr);}}<\/style><div class=\"kb-row-layout-wrap kb-row-layout-id630_a1c087-a7 alignnone wp-block-kadence-rowlayout\"><div class=\"kt-row-column-wrap kt-has-1-columns kt-row-layout-equal kt-tab-layout-inherit kt-mobile-layout-row kt-row-valign-top\">\n<style>.kadence-column630_c56f5b-0c > .kt-inside-inner-col,.kadence-column630_c56f5b-0c > .kt-inside-inner-col:before{border-top-left-radius:0px;border-top-right-radius:0px;border-bottom-right-radius:0px;border-bottom-left-radius:0px;}.kadence-column630_c56f5b-0c > .kt-inside-inner-col:before{opacity:0.3;}.kadence-column630_c56f5b-0c{position:relative;}<\/style>\n<div class=\"wp-block-kadence-column kadence-column630_c56f5b-0c\"><div class=\"kt-inside-inner-col\">\n<h2 class=\"wp-block-heading\"><strong>Mentions l\u00e9gales<\/strong><\/h2>\n\n\n\n<h5 class=\"wp-block-heading has-theme-palette-1-color has-text-color has-link-color has-small-font-size wp-elements-567feb0f98d3ea9c1c5ec1f58990fb4d\">\u00c9diteur du site<\/h5>\n\n\n\n<p class=\"has-theme-palette-1-color has-text-color has-link-color has-small-font-size wp-elements-4245db0c3d2dc3255dda0101c12dd61f\">Le pr\u00e9sent site est \u00e9dit\u00e9 par :<\/p>\n\n\n\n<p class=\"has-theme-palette-1-color has-text-color has-link-color has-small-font-size wp-elements-44daac5577d92ef61a4b44f5ed738d25\">Raisonance Insights<br> Soci\u00e9t\u00e9 \u00e0 Responsabilit\u00e9 Limit\u00e9e (SARL)<br>Au capital social de 3 000 \u20ac<br> Si\u00e8ge social : 119 rue de Famars, 59300 Valenciennes \u2013 France<\/p>\n\n\n\n<p class=\"has-theme-palette-1-color has-text-color has-link-color has-small-font-size wp-elements-29a8e769a913a7012177a89777ad412c\">Immatricul\u00e9e au Registre du Commerce et des Soci\u00e9t\u00e9s de Valenciennes<br> Num\u00e9ro SIREN : 101 283 414<\/p>\n\n\n\n<h3 class=\"wp-block-heading has-theme-palette-1-color has-text-color has-link-color has-small-font-size wp-elements-6593dba5d451e3e48e33bcf43b8207cb\"><strong>Direction de la publication<\/strong><\/h3>\n\n\n\n<div class=\"wp-block-group is-vertical is-layout-flex wp-container-core-group-is-layout-8cf370e7 wp-block-group-is-layout-flex\">\n<p class=\"has-theme-palette-1-color has-text-color has-link-color has-small-font-size wp-elements-39971945a59508aab5d912ce7cf09816\">Directrices de la publication :<br>Caroline Lan\u00e7on et Maryna Godefroid, Cofondatrices de Raisonance Insights<\/p>\n\n\n\n<p class=\"has-theme-palette-1-color has-text-color has-link-color has-small-font-size wp-elements-0219b237c32b66922ef6726511cabcb6\">Contact Email : contact@raisonance-insights.fr<strong><br><\/strong><\/p>\n<\/div>\n\n\n\n<div class=\"wp-block-group is-vertical is-layout-flex wp-container-core-group-is-layout-8cf370e7 wp-block-group-is-layout-flex\">\n<p class=\"has-theme-palette-1-color has-text-color has-link-color has-small-font-size wp-elements-ec75821b97633965f3dd000ce4fc846e\"><strong>H\u00e9bergement du site<\/strong><\/p>\n\n\n\n<p class=\"has-theme-palette-1-color has-text-color has-link-color has-small-font-size wp-elements-23d708886d2a8d459d79a6cd5c92a884\">Le site est h\u00e9berg\u00e9 par :<\/p>\n\n\n\n<p class=\"has-theme-palette-1-color has-text-color has-link-color has-small-font-size wp-elements-f985afe8f28b8590c21a5f795d3c74d7\">HOSTINGER INTERNATIONAL LTD<strong><br><\/strong> 61 Lordou Vironos Street<br>6023 Larnaca \u2013 Chypre<br>Site web :<a href=\"https:\/\/www.hostinger.fr\"> https:\/\/www.hostinger.fr<\/a><\/p>\n<\/div>\n\n\n\n<h3 class=\"wp-block-heading has-theme-palette-1-color has-text-color has-link-color has-small-font-size wp-elements-386571fa3fca87708c9b229c4c4f03ce\"><strong>Propri\u00e9t\u00e9 intellectuelle<\/strong><\/h3>\n\n\n\n<div class=\"wp-block-group is-vertical is-layout-flex wp-container-core-group-is-layout-8cf370e7 wp-block-group-is-layout-flex\">\n<p class=\"has-theme-palette-1-color has-text-color has-link-color has-small-font-size wp-elements-7da90b5345ed0f8c58ee8b1471ffda28\">L\u2019ensemble des contenus pr\u00e9sents sur le site Raisonance Insights (textes, images, graphismes, logos, vid\u00e9os, documents t\u00e9l\u00e9chargeables, structure du site, etc.) est prot\u00e9g\u00e9 par les lois fran\u00e7aises et internationales relatives \u00e0 la propri\u00e9t\u00e9 intellectuelle.<\/p>\n\n\n\n<p class=\"has-theme-palette-1-color has-text-color has-link-color has-small-font-size wp-elements-67dd2b75145d8e6280fe896953b6839f\">Toute reproduction, repr\u00e9sentation, modification, publication, adaptation totale ou partielle de ces \u00e9l\u00e9ments, par quelque proc\u00e9d\u00e9 que ce soit, sans l\u2019autorisation \u00e9crite pr\u00e9alable de Raisonance Insights, est strictement interdite et constitue une contrefa\u00e7on susceptible de poursuites judiciaires.<\/p>\n<\/div>\n\n\n\n<h3 class=\"wp-block-heading has-theme-palette-1-color has-text-color has-link-color has-small-font-size wp-elements-c75ed33525cf2e6f54f121d4aa49bef2\"><strong>Responsabilit\u00e9<\/strong><\/h3>\n\n\n\n<div class=\"wp-block-group is-vertical is-layout-flex wp-container-core-group-is-layout-8cf370e7 wp-block-group-is-layout-flex\">\n<p class=\"has-theme-palette-1-color has-text-color has-link-color has-small-font-size wp-elements-83ae6e9931f0621749533405cc7e9c37\">Raisonance Insights s\u2019efforce de fournir sur ce site des informations aussi pr\u00e9cises que possible. Toutefois, elle ne saurait \u00eatre tenue responsable des omissions, des inexactitudes ou des carences dans la mise \u00e0 jour des informations, qu\u2019elles soient de son fait ou du fait de tiers partenaires.<\/p>\n\n\n\n<p class=\"has-theme-palette-1-color has-text-color has-link-color has-small-font-size wp-elements-e96e05a2bbfd38a5a23b1d996e2f81a3\">L\u2019utilisateur reconna\u00eet utiliser les informations fournies sur le site sous sa responsabilit\u00e9 exclusive.<\/p>\n<\/div>\n\n\n\n<h3 class=\"wp-block-heading has-theme-palette-1-color has-text-color has-link-color has-small-font-size wp-elements-a2dd1fc0f92241762d34835c1930fa0c\"><strong>Donn\u00e9es personnelles<\/strong><\/h3>\n\n\n\n<div class=\"wp-block-group is-vertical is-layout-flex wp-container-core-group-is-layout-8cf370e7 wp-block-group-is-layout-flex\">\n<p class=\"has-theme-palette-1-color has-text-color has-link-color has-small-font-size wp-elements-85a998092bfe68f954c3994d2bd8232e\">Les informations personnelles \u00e9ventuellement collect\u00e9es via les formulaires du site (prise de contact, inscription \u00e0 un \u00e9v\u00e9nement, t\u00e9l\u00e9chargement de ressources, etc.) sont trait\u00e9es dans le respect de la r\u00e9glementation en vigueur, notamment le R\u00e8glement G\u00e9n\u00e9ral sur la Protection des Donn\u00e9es (RGPD).<\/p>\n\n\n\n<p class=\"has-theme-palette-1-color has-text-color has-link-color has-small-font-size wp-elements-93f1b0adcc04ec9b76168bc5f57ce3bc\">Les donn\u00e9es collect\u00e9es sont strictement n\u00e9cessaires \u00e0 la finalit\u00e9 poursuivie (gestion des demandes, relation client, organisation des ateliers et \u00e9v\u00e9nements) et ne sont jamais c\u00e9d\u00e9es \u00e0 des tiers sans consentement explicite.<\/p>\n\n\n\n<p class=\"has-theme-palette-1-color has-text-color has-link-color has-small-font-size wp-elements-24138bbf5e12be7bc68a7c305183d639\">Conform\u00e9ment \u00e0 la loi \u00ab Informatique et Libert\u00e9s \u00bb et au RGPD, l\u2019utilisateur dispose d\u2019un droit d\u2019acc\u00e8s, de rectification, de suppression et d\u2019opposition concernant ses donn\u00e9es personnelles.<br>Toute demande peut \u00eatre adress\u00e9e \u00e0 : contact@raisonance-insghts.fr<\/p>\n<\/div>\n\n\n\n<h3 class=\"wp-block-heading has-theme-palette-1-color has-text-color has-link-color has-small-font-size wp-elements-dd7bc6360a7680eb4c6c0ed6311aa8dc\"><strong>Cookies<\/strong><\/h3>\n\n\n\n<div class=\"wp-block-group is-vertical is-layout-flex wp-container-core-group-is-layout-8cf370e7 wp-block-group-is-layout-flex\">\n<p class=\"has-theme-palette-1-color has-text-color has-link-color has-small-font-size wp-elements-41316f559260b231ddc0cabaa86312f1\">Le site peut \u00eatre amen\u00e9 \u00e0 utiliser des cookies afin d\u2019am\u00e9liorer l\u2019exp\u00e9rience utilisateur, mesurer l\u2019audience et proposer des contenus adapt\u00e9s.<\/p>\n\n\n\n<p class=\"has-theme-palette-1-color has-text-color has-link-color has-small-font-size wp-elements-c3a976a66efc7665a106e33a468296c9\">L\u2019utilisateur peut \u00e0 tout moment configurer son navigateur pour refuser tout ou partie des cookies.<\/p>\n<\/div>\n<\/div><\/div>\n\n<\/div><\/div>\n\n\n<p><\/p>\n","protected":false},"excerpt":{"rendered":"<p>Mentions l\u00e9gales \u00c9diteur du site Le pr\u00e9sent site est \u00e9dit\u00e9 par : Raisonance Insights Soci\u00e9t\u00e9 \u00e0 Responsabilit\u00e9 Limit\u00e9e (SARL)Au capital social de 3 000 \u20ac Si\u00e8ge social : 119 rue de Famars, 59300 Valenciennes \u2013 France Immatricul\u00e9e au Registre du Commerce et des Soci\u00e9t\u00e9s de Valenciennes Num\u00e9ro SIREN : 101 283 414 Direction de la&#8230;<\/p>\n","protected":false},"author":1,"featured_media":0,"parent":0,"menu_order":0,"comment_status":"closed","ping_status":"closed","template":"","meta":{"content-type":"","om_disable_all_campaigns":false,"_monsterinsights_skip_tracking":false,"_monsterinsights_sitenote_active":false,"_monsterinsights_sitenote_note":"","_monsterinsights_sitenote_category":0,"_kad_post_transparent":"","_kad_post_title":"","_kad_post_layout":"narrow","_kad_post_sidebar_id":"","_kad_post_content_style":"default","_kad_post_vertical_padding":"default","_kad_post_feature":"","_kad_post_feature_position":"","_kad_post_header":false,"_kad_post_footer":false,"footnotes":""},"class_list":["post-630","page","type-page","status-publish","hentry"],"aioseo_notices":[],"_links":{"self":[{"href":"https:\/\/raisonance-insights.fr\/index.php\/wp-json\/wp\/v2\/pages\/630","targetHints":{"allow":["GET"]}}],"collection":[{"href":"https:\/\/raisonance-insights.fr\/index.php\/wp-json\/wp\/v2\/pages"}],"about":[{"href":"https:\/\/raisonance-insights.fr\/index.php\/wp-json\/wp\/v2\/types\/page"}],"author":[{"embeddable":true,"href":"https:\/\/raisonance-insights.fr\/index.php\/wp-json\/wp\/v2\/users\/1"}],"replies":[{"embeddable":true,"href":"https:\/\/raisonance-insights.fr\/index.php\/wp-json\/wp\/v2\/comments?post=630"}],"version-history":[{"count":2,"href":"https:\/\/raisonance-insights.fr\/index.php\/wp-json\/wp\/v2\/pages\/630\/revisions"}],"predecessor-version":[{"id":635,"href":"https:\/\/raisonance-insights.fr\/index.php\/wp-json\/wp\/v2\/pages\/630\/revisions\/635"}],"wp:attachment":[{"href":"https:\/\/raisonance-insights.fr\/index.php\/wp-json\/wp\/v2\/media?parent=630"}],"curies":[{"name":"wp","href":"https:\/\/api.w.org\/{rel}","templated":true}]}}