{"id":528,"date":"2025-12-11T13:58:54","date_gmt":"2025-12-11T12:58:54","guid":{"rendered":"https:\/\/raisonance-insights.fr\/?page_id=528"},"modified":"2026-02-24T12:18:00","modified_gmt":"2026-02-24T11:18:00","slug":"evenements","status":"publish","type":"page","link":"https:\/\/raisonance-insights.fr\/index.php\/evenements\/","title":{"rendered":"Les rencontres"},"content":{"rendered":"<style>.kb-row-layout-id528_3cd809-3a > .kt-row-column-wrap{align-content:start;}:where(.kb-row-layout-id528_3cd809-3a > .kt-row-column-wrap) > .wp-block-kadence-column{justify-content:start;}.kb-row-layout-id528_3cd809-3a > .kt-row-column-wrap{column-gap:var(--global-kb-gap-md, 2rem);row-gap:var(--global-kb-gap-md, 2rem);padding-top:var(--global-kb-spacing-sm, 1.5rem);padding-bottom:var(--global-kb-spacing-sm, 1.5rem);grid-template-columns:minmax(0, 1fr);}.kb-row-layout-id528_3cd809-3a > .kt-row-layout-overlay{opacity:0.30;}@media all and (max-width: 1024px){.kb-row-layout-id528_3cd809-3a > .kt-row-column-wrap{grid-template-columns:minmax(0, 1fr);}}@media all and (max-width: 767px){.kb-row-layout-id528_3cd809-3a > .kt-row-column-wrap{grid-template-columns:minmax(0, 1fr);}}<\/style><div class=\"kb-row-layout-wrap kb-row-layout-id528_3cd809-3a alignnone wp-block-kadence-rowlayout\"><div class=\"kt-row-column-wrap kt-has-1-columns kt-row-layout-equal kt-tab-layout-inherit kt-mobile-layout-row kt-row-valign-top\">\n<style>.kadence-column528_a622bf-74 > .kt-inside-inner-col,.kadence-column528_a622bf-74 > .kt-inside-inner-col:before{border-top-left-radius:0px;border-top-right-radius:0px;border-bottom-right-radius:0px;border-bottom-left-radius:0px;}.kadence-column528_a622bf-74 > .kt-inside-inner-col:before{opacity:0.3;}.kadence-column528_a622bf-74{position:relative;}<\/style>\n<div class=\"wp-block-kadence-column kadence-column528_a622bf-74\"><div class=\"kt-inside-inner-col\">\n<div class=\"wp-block-cover\"><img loading=\"lazy\" decoding=\"async\" width=\"1024\" height=\"683\" class=\"wp-block-cover__image-background wp-image-720 size-large\" alt=\"Close-up of hands arranging name tags on a conference table, preparing for a corporate event.\" src=\"https:\/\/raisonance-insights.fr\/wp-content\/uploads\/2026\/02\/close-up-of-hands-arranging-name-tags-on-1024x683.jpeg\" data-object-fit=\"cover\" srcset=\"https:\/\/raisonance-insights.fr\/wp-content\/uploads\/2026\/02\/close-up-of-hands-arranging-name-tags-on-1024x683.jpeg 1024w, https:\/\/raisonance-insights.fr\/wp-content\/uploads\/2026\/02\/close-up-of-hands-arranging-name-tags-on-300x200.jpeg 300w, https:\/\/raisonance-insights.fr\/wp-content\/uploads\/2026\/02\/close-up-of-hands-arranging-name-tags-on-768x512.jpeg 768w, https:\/\/raisonance-insights.fr\/wp-content\/uploads\/2026\/02\/close-up-of-hands-arranging-name-tags-on-1536x1024.jpeg 1536w, https:\/\/raisonance-insights.fr\/wp-content\/uploads\/2026\/02\/close-up-of-hands-arranging-name-tags-on-600x400.jpeg 600w, https:\/\/raisonance-insights.fr\/wp-content\/uploads\/2026\/02\/close-up-of-hands-arranging-name-tags-on.jpeg 2048w\" sizes=\"auto, (max-width: 1024px) 100vw, 1024px\" \/><span aria-hidden=\"true\" class=\"wp-block-cover__background has-theme-palette-1-background-color has-background-dim-60 has-background-dim\"><\/span><div class=\"wp-block-cover__inner-container is-layout-constrained wp-block-cover-is-layout-constrained\">\n<p class=\"has-text-align-left has-theme-palette-3-color has-text-color has-link-color has-large-font-size wp-elements-0c79fa9917538950e77c435a17317a7e\"><strong>Nos \u00e9v\u00e9nements<\/strong><\/p>\n\n\n\n<p>Conf\u00e9rences, webinaires et exp\u00e9riences immersives pour penser autrement le pilotage humain.<\/p>\n\n\n\n<p>Chaque \u00e9v\u00e9nement Raisonance Insights est con\u00e7u comme un espace de bascule :<br>un temps pour prendre de la hauteur, comprendre les m\u00e9canismes invisibles qui influencent les comportements\u2026 et repartir avec une nouvelle grille de lecture.<\/p>\n\n\n\n<p>Nous y partageons des cl\u00e9s issues des neurosciences appliqu\u00e9es, de la dynamique collective et du leadership conscient.<\/p>\n<\/div><\/div>\n<\/div><\/div>\n\n<\/div><\/div>\n\n<style>.kb-row-layout-id528_b91977-67 > .kt-row-column-wrap{align-content:start;}:where(.kb-row-layout-id528_b91977-67 > .kt-row-column-wrap) > .wp-block-kadence-column{justify-content:start;}.kb-row-layout-id528_b91977-67 > .kt-row-column-wrap{column-gap:var(--global-kb-gap-md, 2rem);row-gap:var(--global-kb-gap-md, 2rem);padding-top:var(--global-kb-spacing-sm, 1.5rem);padding-bottom:var(--global-kb-spacing-sm, 1.5rem);grid-template-columns:repeat(2, minmax(0, 1fr));}.kb-row-layout-id528_b91977-67 > .kt-row-layout-overlay{opacity:0.30;}@media all and (max-width: 1024px){.kb-row-layout-id528_b91977-67 > .kt-row-column-wrap{grid-template-columns:repeat(2, minmax(0, 1fr));}}@media all and (max-width: 767px){.kb-row-layout-id528_b91977-67 > .kt-row-column-wrap{grid-template-columns:minmax(0, 1fr);}}<\/style><div class=\"kb-row-layout-wrap kb-row-layout-id528_b91977-67 alignnone wp-block-kadence-rowlayout\"><div class=\"kt-row-column-wrap kt-has-2-columns kt-row-layout-equal kt-tab-layout-inherit kt-mobile-layout-row kt-row-valign-top\">\n<style>.kadence-column528_2d0111-9c > .kt-inside-inner-col,.kadence-column528_2d0111-9c > .kt-inside-inner-col:before{border-top-left-radius:0px;border-top-right-radius:0px;border-bottom-right-radius:0px;border-bottom-left-radius:0px;}.kadence-column528_2d0111-9c > .kt-inside-inner-col:before{opacity:0.3;}.kadence-column528_2d0111-9c{position:relative;}<\/style>\n<div class=\"wp-block-kadence-column kadence-column528_2d0111-9c\"><div class=\"kt-inside-inner-col\"><style>.kt-info-box528_415ae9-b0 .kt-blocks-info-box-link-wrap{border-top-left-radius:30px;border-top-right-radius:30px;border-bottom-right-radius:30px;border-bottom-left-radius:30px;padding-top:var(--global-kb-spacing-xs, 1rem);padding-right:var(--global-kb-spacing-xs, 1rem);padding-bottom:var(--global-kb-spacing-xs, 1rem);padding-left:var(--global-kb-spacing-xs, 1rem);}.kt-info-box528_415ae9-b0 .kt-info-svg-icon, .kt-info-box528_415ae9-b0 .kt-info-svg-icon-flip, .kt-info-box528_415ae9-b0 .kt-blocks-info-box-number{font-size:50px;}.kt-info-box528_415ae9-b0 .kt-blocks-info-box-media{color:var(--global-palette1, #3182CE);border-top-width:0px;border-right-width:0px;border-bottom-width:0px;border-left-width:0px;padding-top:10px;padding-right:10px;padding-bottom:10px;padding-left:10px;}.kt-info-box528_415ae9-b0 .kt-blocks-info-box-media-container{margin-top:0px;margin-right:15px;margin-bottom:0px;margin-left:15px;}.kt-info-box528_415ae9-b0 h4.kt-blocks-info-box-title{color:var(--global-palette3, #1A202C);}.kt-info-box528_415ae9-b0 .kt-infobox-textcontent .kt-blocks-info-box-text{color:var(--global-palette1, #3182CE);}.kt-info-box528_415ae9-b0 .kt-blocks-info-box-text{font-size:var(--global-kb-font-size-sm, 0.9rem);}.kt-info-box528_415ae9-b0 .kt-blocks-info-box-learnmore{background:transparent;border-width:0px 0px 0px 0px;padding-top:4px;padding-right:8px;padding-bottom:4px;padding-left:8px;margin:10px 0px 10px 0px;}<\/style>\n<div class=\"wp-block-kadence-infobox kt-info-box528_415ae9-b0\"><a class=\"kt-blocks-info-box-link-wrap info-box-link kt-blocks-info-box-media-align-top kt-info-halign-center\" href=\"https:\/\/raisonance-insights.fr\/index.php\/webinaire-du-02-04-26\/\"><div class=\"kt-blocks-info-box-media-container\"><div class=\"kt-blocks-info-box-media kt-info-media-animate-none\"><div class=\"kadence-info-box-icon-container kt-info-icon-animate-none\"><div class=\"kadence-info-box-icon-inner-container\"><span class=\"kb-svg-icon-wrap kb-svg-icon-fe_airplay kt-info-svg-icon\"><svg viewBox=\"0 0 24 24\"  fill=\"none\" stroke=\"currentColor\" stroke-width=\"2\" stroke-linecap=\"round\" stroke-linejoin=\"round\" xmlns=\"http:\/\/www.w3.org\/2000\/svg\" ><path d=\"M5 17H4a2 2 0 0 1-2-2V5a2 2 0 0 1 2-2h16a2 2 0 0 1 2 2v10a2 2 0 0 1-2 2h-1\"\/><polygon points=\"12 15 17 21 7 21 12 15\"\/><\/svg><\/span><\/div><\/div><\/div><\/div><div class=\"kt-infobox-textcontent\"><h4 class=\"kt-blocks-info-box-title\"><strong>Notre prochain webinar<\/strong><\/h4><p class=\"kt-blocks-info-box-text\"><strong>Reprogrammer le vivant au travail<\/strong><br\/>3 leviers neuro-comportementaux pour DRH Strat\u00e8ges.<br\/>Date: <strong>02\/04\/26<\/strong><br\/>Horaire: <strong>13h<\/strong><br\/>Gratuit<br\/><br\/><em>Je r\u00e9serve ma place<\/em><\/p><\/div><\/a><\/div>\n\n\n\n<p><\/p>\n<\/div><\/div>\n\n\n<style>.kadence-column528_e5eb01-98 > .kt-inside-inner-col,.kadence-column528_e5eb01-98 > .kt-inside-inner-col:before{border-top-left-radius:0px;border-top-right-radius:0px;border-bottom-right-radius:0px;border-bottom-left-radius:0px;}.kadence-column528_e5eb01-98 > .kt-inside-inner-col:before{opacity:0.3;}.kadence-column528_e5eb01-98{position:relative;}<\/style>\n<div class=\"wp-block-kadence-column kadence-column528_e5eb01-98\"><div class=\"kt-inside-inner-col\"><style>.kt-info-box528_af1c23-3c .kt-blocks-info-box-link-wrap{border-top-left-radius:30px;border-top-right-radius:30px;border-bottom-right-radius:30px;border-bottom-left-radius:30px;padding-top:var(--global-kb-spacing-xs, 1rem);padding-right:var(--global-kb-spacing-xs, 1rem);padding-bottom:var(--global-kb-spacing-xs, 1rem);padding-left:var(--global-kb-spacing-xs, 1rem);}.kt-info-box528_af1c23-3c .kt-info-svg-icon, .kt-info-box528_af1c23-3c .kt-info-svg-icon-flip, .kt-info-box528_af1c23-3c .kt-blocks-info-box-number{font-size:50px;}.kt-info-box528_af1c23-3c .kt-blocks-info-box-media{color:var(--global-palette1, #3182CE);border-top-width:0px;border-right-width:0px;border-bottom-width:0px;border-left-width:0px;padding-top:10px;padding-right:10px;padding-bottom:10px;padding-left:10px;}.kt-info-box528_af1c23-3c .kt-blocks-info-box-media-container{margin-top:0px;margin-right:15px;margin-bottom:0px;margin-left:15px;}.kt-info-box528_af1c23-3c h4.kt-blocks-info-box-title{color:var(--global-palette3, #1A202C);}.kt-info-box528_af1c23-3c .kt-infobox-textcontent .kt-blocks-info-box-text{color:var(--global-palette1, #3182CE);}.kt-info-box528_af1c23-3c .kt-blocks-info-box-text{font-size:var(--global-kb-font-size-sm, 0.9rem);}.kt-info-box528_af1c23-3c .kt-blocks-info-box-learnmore{background:transparent;border-width:0px 0px 0px 0px;padding-top:4px;padding-right:8px;padding-bottom:4px;padding-left:8px;margin:10px 0px 10px 0px;}<\/style>\n<div class=\"wp-block-kadence-infobox kt-info-box528_af1c23-3c\"><a class=\"kt-blocks-info-box-link-wrap info-box-link kt-blocks-info-box-media-align-top kt-info-halign-center\" href=\"https:\/\/raisonance-insights.fr\/index.php\/afterwork-conference-experientielle\/\"><div class=\"kt-blocks-info-box-media-container\"><div class=\"kt-blocks-info-box-media kt-info-media-animate-none\"><div class=\"kadence-info-box-icon-container kt-info-icon-animate-none\"><div class=\"kadence-info-box-icon-inner-container\"><span class=\"kb-svg-icon-wrap kb-svg-icon-fe_mapPin kt-info-svg-icon\"><svg viewBox=\"0 0 24 24\"  fill=\"none\" stroke=\"currentColor\" stroke-width=\"2\" stroke-linecap=\"round\" stroke-linejoin=\"round\" xmlns=\"http:\/\/www.w3.org\/2000\/svg\" ><path d=\"M21 10c0 7-9 13-9 13s-9-6-9-13a9 9 0 0 1 18 0z\"\/><circle cx=\"12\" cy=\"10\" r=\"3\"\/><\/svg><\/span><\/div><\/div><\/div><\/div><div class=\"kt-infobox-textcontent\"><h4 class=\"kt-blocks-info-box-title\"><strong>Notre prochain afterwork<\/strong><\/h4><p class=\"kt-blocks-info-box-text\"><strong>Raisonance Int\u00e9rieure<\/strong><br\/>Comprendre l\u2019\u00e9chec des r\u00e9solutions et initier un nouvel \u00e9lan<br\/>Date: <strong>26\/03\/26<\/strong><br\/>Horaire: <strong>18h<\/strong><br\/>Tarif: <strong>25\u20ac<\/strong><br\/><br\/>Je r\u00e9serve ma place<\/p><\/div><\/a><\/div>\n<\/div><\/div>\n\n<\/div><\/div>\n\n\n<p><\/p>\n","protected":false},"excerpt":{"rendered":"","protected":false},"author":1,"featured_media":0,"parent":0,"menu_order":0,"comment_status":"closed","ping_status":"closed","template":"","meta":{"content-type":"","om_disable_all_campaigns":false,"_monsterinsights_skip_tracking":false,"_monsterinsights_sitenote_active":false,"_monsterinsights_sitenote_note":"","_monsterinsights_sitenote_category":0,"_kad_post_transparent":"","_kad_post_title":"","_kad_post_layout":"","_kad_post_sidebar_id":"","_kad_post_content_style":"","_kad_post_vertical_padding":"","_kad_post_feature":"","_kad_post_feature_position":"","_kad_post_header":false,"_kad_post_footer":false,"footnotes":""},"class_list":["post-528","page","type-page","status-publish","hentry"],"aioseo_notices":[],"_links":{"self":[{"href":"https:\/\/raisonance-insights.fr\/index.php\/wp-json\/wp\/v2\/pages\/528","targetHints":{"allow":["GET"]}}],"collection":[{"href":"https:\/\/raisonance-insights.fr\/index.php\/wp-json\/wp\/v2\/pages"}],"about":[{"href":"https:\/\/raisonance-insights.fr\/index.php\/wp-json\/wp\/v2\/types\/page"}],"author":[{"embeddable":true,"href":"https:\/\/raisonance-insights.fr\/index.php\/wp-json\/wp\/v2\/users\/1"}],"replies":[{"embeddable":true,"href":"https:\/\/raisonance-insights.fr\/index.php\/wp-json\/wp\/v2\/comments?post=528"}],"version-history":[{"count":7,"href":"https:\/\/raisonance-insights.fr\/index.php\/wp-json\/wp\/v2\/pages\/528\/revisions"}],"predecessor-version":[{"id":736,"href":"https:\/\/raisonance-insights.fr\/index.php\/wp-json\/wp\/v2\/pages\/528\/revisions\/736"}],"wp:attachment":[{"href":"https:\/\/raisonance-insights.fr\/index.php\/wp-json\/wp\/v2\/media?parent=528"}],"curies":[{"name":"wp","href":"https:\/\/api.w.org\/{rel}","templated":true}]}}